{"id":4096,"date":"2023-04-11T10:38:46","date_gmt":"2023-04-11T10:38:46","guid":{"rendered":"https:\/\/www.diem.com.tr\/wp\/?page_id=4096"},"modified":"2023-05-25T13:45:59","modified_gmt":"2023-05-25T13:45:59","slug":"eczacibasi-yapi-gerecleri","status":"publish","type":"page","link":"https:\/\/www.diem.com.tr\/en\/eczacibasi-yapi-gerecleri\/","title":{"rendered":"Eczac\u0131ba\u015f\u0131 Building Materials"},"content":{"rendered":"<div data-elementor-type=\"wp-post\" data-elementor-id=\"4096\" class=\"elementor elementor-4096\">\n\t\t\t\t\t\t<section class=\"elementor-section elementor-top-section elementor-element elementor-element-e484b1d elementor-section-stretched elementor-section-height-min-height elementor-section-boxed elementor-section-height-default elementor-section-items-middle\" data-id=\"e484b1d\" data-element_type=\"section\" data-settings=\"{&quot;stretch_section&quot;:&quot;section-stretched&quot;,&quot;background_background&quot;:&quot;classic&quot;,&quot;architecturer_ext_is_background_parallax&quot;:&quot;false&quot;,&quot;architecturer_ext_is_background_on_scroll&quot;:&quot;false&quot;}\">\n\t\t\t\t\t\t<div class=\"elementor-container elementor-column-gap-default\">\n\t\t\t\t\t<div class=\"elementor-column elementor-col-100 elementor-top-column elementor-element elementor-element-e65cc1c\" data-id=\"e65cc1c\" data-element_type=\"column\" data-settings=\"{&quot;architecturer_ext_is_mobile_menu&quot;:&quot;false&quot;,&quot;architecturer_ext_is_scrollme&quot;:&quot;false&quot;,&quot;architecturer_ext_is_smoove&quot;:&quot;false&quot;,&quot;architecturer_ext_is_parallax_mouse&quot;:&quot;false&quot;,&quot;architecturer_ext_is_infinite&quot;:&quot;false&quot;,&quot;architecturer_ext_is_fadeout_animation&quot;:&quot;false&quot;}\">\n\t\t\t<div class=\"elementor-widget-wrap\">\n\t\t\t\t\t\t\t<\/div>\n\t\t<\/div>\n\t\t\t\t\t<\/div>\n\t\t<\/section>\n\t\t\t\t<section class=\"elementor-section elementor-top-section elementor-element elementor-element-53c7c7c elementor-section-boxed elementor-section-height-default elementor-section-height-default\" data-id=\"53c7c7c\" data-element_type=\"section\" data-settings=\"{&quot;architecturer_ext_is_background_parallax&quot;:&quot;false&quot;,&quot;architecturer_ext_is_background_on_scroll&quot;:&quot;false&quot;}\">\n\t\t\t\t\t\t<div class=\"elementor-container elementor-column-gap-no\">\n\t\t\t\t\t<div class=\"elementor-column elementor-col-50 elementor-top-column elementor-element elementor-element-254a0e2\" data-id=\"254a0e2\" data-element_type=\"column\" data-settings=\"{&quot;architecturer_ext_is_mobile_menu&quot;:&quot;false&quot;,&quot;architecturer_ext_is_scrollme&quot;:&quot;false&quot;,&quot;architecturer_ext_is_smoove&quot;:&quot;false&quot;,&quot;architecturer_ext_is_parallax_mouse&quot;:&quot;false&quot;,&quot;architecturer_ext_is_infinite&quot;:&quot;false&quot;,&quot;architecturer_ext_is_fadeout_animation&quot;:&quot;false&quot;}\">\n\t\t\t<div class=\"elementor-widget-wrap elementor-element-populated\">\n\t\t\t\t\t\t<div class=\"elementor-element elementor-element-1036483 animated-fast elementor-invisible elementor-widget elementor-widget-heading\" data-id=\"1036483\" data-element_type=\"widget\" data-settings=\"{&quot;_animation&quot;:&quot;fadeInUp&quot;,&quot;architecturer_ext_is_mobile_menu&quot;:&quot;false&quot;,&quot;architecturer_ext_is_scrollme&quot;:&quot;false&quot;,&quot;architecturer_ext_is_smoove&quot;:&quot;false&quot;,&quot;architecturer_ext_is_parallax_mouse&quot;:&quot;false&quot;,&quot;architecturer_ext_is_infinite&quot;:&quot;false&quot;,&quot;architecturer_ext_is_fadeout_animation&quot;:&quot;false&quot;}\" data-widget_type=\"heading.default\">\n\t\t\t\t<div class=\"elementor-widget-container\">\n\t\t\t\t\t<h1 class=\"elementor-heading-title elementor-size-default\">Eczac\u0131ba\u015f\u0131 Building Materials<\/h1>\t\t\t\t<\/div>\n\t\t\t\t<\/div>\n\t\t\t\t<section class=\"elementor-section elementor-inner-section elementor-element elementor-element-9189e74 elementor-section-boxed elementor-section-height-default elementor-section-height-default\" data-id=\"9189e74\" data-element_type=\"section\" data-settings=\"{&quot;architecturer_ext_is_background_parallax&quot;:&quot;false&quot;,&quot;architecturer_ext_is_background_on_scroll&quot;:&quot;false&quot;}\">\n\t\t\t\t\t\t<div class=\"elementor-container elementor-column-gap-default\">\n\t\t\t\t\t<div class=\"elementor-column elementor-col-33 elementor-inner-column elementor-element elementor-element-b910b3f\" data-id=\"b910b3f\" data-element_type=\"column\" data-settings=\"{&quot;architecturer_ext_is_mobile_menu&quot;:&quot;false&quot;,&quot;architecturer_ext_is_scrollme&quot;:&quot;false&quot;,&quot;architecturer_ext_is_smoove&quot;:&quot;false&quot;,&quot;architecturer_ext_is_parallax_mouse&quot;:&quot;false&quot;,&quot;architecturer_ext_is_infinite&quot;:&quot;false&quot;,&quot;architecturer_ext_is_fadeout_animation&quot;:&quot;false&quot;}\">\n\t\t\t<div class=\"elementor-widget-wrap elementor-element-populated\">\n\t\t\t\t\t\t<div class=\"elementor-element elementor-element-9f95625 animated-fast elementor-invisible elementor-widget elementor-widget-heading\" data-id=\"9f95625\" data-element_type=\"widget\" data-settings=\"{&quot;_animation&quot;:&quot;fadeInUp&quot;,&quot;_animation_delay&quot;:200,&quot;architecturer_ext_is_mobile_menu&quot;:&quot;false&quot;,&quot;architecturer_ext_is_scrollme&quot;:&quot;false&quot;,&quot;architecturer_ext_is_smoove&quot;:&quot;false&quot;,&quot;architecturer_ext_is_parallax_mouse&quot;:&quot;false&quot;,&quot;architecturer_ext_is_infinite&quot;:&quot;false&quot;,&quot;architecturer_ext_is_fadeout_animation&quot;:&quot;false&quot;}\" data-widget_type=\"heading.default\">\n\t\t\t\t<div class=\"elementor-widget-container\">\n\t\t\t\t\t<span class=\"elementor-heading-title elementor-size-default\">LOCATION<\/span>\t\t\t\t<\/div>\n\t\t\t\t<\/div>\n\t\t\t\t<div class=\"elementor-element elementor-element-d27f427 animated-fast elementor-invisible elementor-widget elementor-widget-text-editor\" data-id=\"d27f427\" data-element_type=\"widget\" data-settings=\"{&quot;_animation&quot;:&quot;fadeInUp&quot;,&quot;_animation_delay&quot;:200,&quot;architecturer_ext_is_mobile_menu&quot;:&quot;false&quot;,&quot;architecturer_ext_is_scrollme&quot;:&quot;false&quot;,&quot;architecturer_ext_is_smoove&quot;:&quot;false&quot;,&quot;architecturer_ext_is_parallax_mouse&quot;:&quot;false&quot;,&quot;architecturer_ext_is_infinite&quot;:&quot;false&quot;,&quot;architecturer_ext_is_fadeout_animation&quot;:&quot;false&quot;}\" data-widget_type=\"text-editor.default\">\n\t\t\t\t<div class=\"elementor-widget-container\">\n\t\t\t\t\t\t\t\t\t<p>Levent \/ \u0130stanbul<\/p>\t\t\t\t\t\t\t\t<\/div>\n\t\t\t\t<\/div>\n\t\t\t\t\t<\/div>\n\t\t<\/div>\n\t\t\t\t<div class=\"elementor-column elementor-col-33 elementor-inner-column elementor-element elementor-element-2aef8f4\" data-id=\"2aef8f4\" data-element_type=\"column\" data-settings=\"{&quot;architecturer_ext_is_mobile_menu&quot;:&quot;false&quot;,&quot;architecturer_ext_is_scrollme&quot;:&quot;false&quot;,&quot;architecturer_ext_is_smoove&quot;:&quot;false&quot;,&quot;architecturer_ext_is_parallax_mouse&quot;:&quot;false&quot;,&quot;architecturer_ext_is_infinite&quot;:&quot;false&quot;,&quot;architecturer_ext_is_fadeout_animation&quot;:&quot;false&quot;}\">\n\t\t\t<div class=\"elementor-widget-wrap elementor-element-populated\">\n\t\t\t\t\t\t<div class=\"elementor-element elementor-element-c953e71 animated-fast elementor-invisible elementor-widget elementor-widget-heading\" data-id=\"c953e71\" data-element_type=\"widget\" data-settings=\"{&quot;_animation&quot;:&quot;fadeInUp&quot;,&quot;_animation_delay&quot;:400,&quot;architecturer_ext_is_mobile_menu&quot;:&quot;false&quot;,&quot;architecturer_ext_is_scrollme&quot;:&quot;false&quot;,&quot;architecturer_ext_is_smoove&quot;:&quot;false&quot;,&quot;architecturer_ext_is_parallax_mouse&quot;:&quot;false&quot;,&quot;architecturer_ext_is_infinite&quot;:&quot;false&quot;,&quot;architecturer_ext_is_fadeout_animation&quot;:&quot;false&quot;}\" data-widget_type=\"heading.default\">\n\t\t\t\t<div class=\"elementor-widget-container\">\n\t\t\t\t\t<span class=\"elementor-heading-title elementor-size-default\">YEAR<\/span>\t\t\t\t<\/div>\n\t\t\t\t<\/div>\n\t\t\t\t<div class=\"elementor-element elementor-element-a18fcc0 animated-fast elementor-invisible elementor-widget elementor-widget-text-editor\" data-id=\"a18fcc0\" data-element_type=\"widget\" data-settings=\"{&quot;_animation&quot;:&quot;fadeInUp&quot;,&quot;_animation_delay&quot;:400,&quot;architecturer_ext_is_mobile_menu&quot;:&quot;false&quot;,&quot;architecturer_ext_is_scrollme&quot;:&quot;false&quot;,&quot;architecturer_ext_is_smoove&quot;:&quot;false&quot;,&quot;architecturer_ext_is_parallax_mouse&quot;:&quot;false&quot;,&quot;architecturer_ext_is_infinite&quot;:&quot;false&quot;,&quot;architecturer_ext_is_fadeout_animation&quot;:&quot;false&quot;}\" data-widget_type=\"text-editor.default\">\n\t\t\t\t<div class=\"elementor-widget-container\">\n\t\t\t\t\t\t\t\t\t<p>2021<\/p>\t\t\t\t\t\t\t\t<\/div>\n\t\t\t\t<\/div>\n\t\t\t\t\t<\/div>\n\t\t<\/div>\n\t\t\t\t<div class=\"elementor-column elementor-col-33 elementor-inner-column elementor-element elementor-element-adfd6da\" data-id=\"adfd6da\" data-element_type=\"column\" data-settings=\"{&quot;architecturer_ext_is_mobile_menu&quot;:&quot;false&quot;,&quot;architecturer_ext_is_scrollme&quot;:&quot;false&quot;,&quot;architecturer_ext_is_smoove&quot;:&quot;false&quot;,&quot;architecturer_ext_is_parallax_mouse&quot;:&quot;false&quot;,&quot;architecturer_ext_is_infinite&quot;:&quot;false&quot;,&quot;architecturer_ext_is_fadeout_animation&quot;:&quot;false&quot;}\">\n\t\t\t<div class=\"elementor-widget-wrap elementor-element-populated\">\n\t\t\t\t\t\t<div class=\"elementor-element elementor-element-f7ba360 animated-fast elementor-invisible elementor-widget elementor-widget-heading\" data-id=\"f7ba360\" data-element_type=\"widget\" data-settings=\"{&quot;_animation&quot;:&quot;fadeInUp&quot;,&quot;_animation_delay&quot;:600,&quot;architecturer_ext_is_mobile_menu&quot;:&quot;false&quot;,&quot;architecturer_ext_is_scrollme&quot;:&quot;false&quot;,&quot;architecturer_ext_is_smoove&quot;:&quot;false&quot;,&quot;architecturer_ext_is_parallax_mouse&quot;:&quot;false&quot;,&quot;architecturer_ext_is_infinite&quot;:&quot;false&quot;,&quot;architecturer_ext_is_fadeout_animation&quot;:&quot;false&quot;}\" data-widget_type=\"heading.default\">\n\t\t\t\t<div class=\"elementor-widget-container\">\n\t\t\t\t\t<span class=\"elementor-heading-title elementor-size-default\">TOTAL AREA<\/span>\t\t\t\t<\/div>\n\t\t\t\t<\/div>\n\t\t\t\t<div class=\"elementor-element elementor-element-e305cee animated-fast elementor-invisible elementor-widget elementor-widget-text-editor\" data-id=\"e305cee\" data-element_type=\"widget\" data-settings=\"{&quot;_animation&quot;:&quot;fadeInUp&quot;,&quot;_animation_delay&quot;:600,&quot;architecturer_ext_is_mobile_menu&quot;:&quot;false&quot;,&quot;architecturer_ext_is_scrollme&quot;:&quot;false&quot;,&quot;architecturer_ext_is_smoove&quot;:&quot;false&quot;,&quot;architecturer_ext_is_parallax_mouse&quot;:&quot;false&quot;,&quot;architecturer_ext_is_infinite&quot;:&quot;false&quot;,&quot;architecturer_ext_is_fadeout_animation&quot;:&quot;false&quot;}\" data-widget_type=\"text-editor.default\">\n\t\t\t\t<div class=\"elementor-widget-container\">\n\t\t\t\t\t\t\t\t\t<p>3.000<span style=\"color: #4d5156; font-family: arial, sans-serif; font-size: 14px; font-style: normal; font-weight: 400;\">m\u00b2<\/span><\/p>\t\t\t\t\t\t\t\t<\/div>\n\t\t\t\t<\/div>\n\t\t\t\t\t<\/div>\n\t\t<\/div>\n\t\t\t\t\t<\/div>\n\t\t<\/section>\n\t\t\t\t<div class=\"elementor-element elementor-element-78212cf animated-fast elementor-invisible elementor-widget elementor-widget-text-editor\" data-id=\"78212cf\" data-element_type=\"widget\" data-settings=\"{&quot;_animation&quot;:&quot;fadeInUp&quot;,&quot;_animation_delay&quot;:800,&quot;architecturer_ext_is_mobile_menu&quot;:&quot;false&quot;,&quot;architecturer_ext_is_scrollme&quot;:&quot;false&quot;,&quot;architecturer_ext_is_smoove&quot;:&quot;false&quot;,&quot;architecturer_ext_is_parallax_mouse&quot;:&quot;false&quot;,&quot;architecturer_ext_is_infinite&quot;:&quot;false&quot;,&quot;architecturer_ext_is_fadeout_animation&quot;:&quot;false&quot;}\" data-widget_type=\"text-editor.default\">\n\t\t\t\t<div class=\"elementor-widget-container\">\n\t\t\t\t\t\t\t\t\t<p>The office project of Eczac\u0131ba\u015f\u0131 Gayrimenkul Geli\u015ftirme ve Yat\u0131r\u0131m A.\u015e., located in Istanbul Levent Ali Kaya building, with an area of 3000 m\u00b2, was renovated in 75 days by Diem M\u00fchendislik Mimarl\u0131k. Functional and modern solutions were provided for Eczac\u0131ba\u015f\u0131 employees during the office project.<\/p>\t\t\t\t\t\t\t\t<\/div>\n\t\t\t\t<\/div>\n\t\t\t\t\t<\/div>\n\t\t<\/div>\n\t\t\t\t<div class=\"elementor-column elementor-col-50 elementor-top-column elementor-element elementor-element-218731e\" data-id=\"218731e\" data-element_type=\"column\" data-settings=\"{&quot;architecturer_ext_is_mobile_menu&quot;:&quot;false&quot;,&quot;architecturer_ext_is_scrollme&quot;:&quot;false&quot;,&quot;architecturer_ext_is_smoove&quot;:&quot;false&quot;,&quot;architecturer_ext_is_parallax_mouse&quot;:&quot;false&quot;,&quot;architecturer_ext_is_infinite&quot;:&quot;false&quot;,&quot;architecturer_ext_is_fadeout_animation&quot;:&quot;false&quot;}\">\n\t\t\t<div class=\"elementor-widget-wrap elementor-element-populated\">\n\t\t\t\t\t\t<div class=\"elementor-element elementor-element-5eb6a8b animated-fast elementor-widget__width-initial elementor-invisible elementor-widget elementor-widget-image\" data-id=\"5eb6a8b\" data-element_type=\"widget\" data-settings=\"{&quot;_animation&quot;:&quot;fadeIn&quot;,&quot;architecturer_image_is_animation&quot;:&quot;false&quot;,&quot;architecturer_ext_is_mobile_menu&quot;:&quot;false&quot;,&quot;architecturer_ext_is_scrollme&quot;:&quot;false&quot;,&quot;architecturer_ext_is_smoove&quot;:&quot;false&quot;,&quot;architecturer_ext_is_parallax_mouse&quot;:&quot;false&quot;,&quot;architecturer_ext_is_infinite&quot;:&quot;false&quot;,&quot;architecturer_ext_is_fadeout_animation&quot;:&quot;false&quot;}\" data-widget_type=\"image.default\">\n\t\t\t\t<div class=\"elementor-widget-container\">\n\t\t\t\t\t\t\t\t\t\t\t\t\t\t\t<img fetchpriority=\"high\" decoding=\"async\" width=\"1024\" height=\"661\" src=\"https:\/\/www.diem.com.tr\/wp-content\/uploads\/2023\/04\/151A9556-1024x661.jpg\" class=\"attachment-large size-large wp-image-4102\" alt=\"\" srcset=\"https:\/\/www.diem.com.tr\/wp-content\/uploads\/2023\/04\/151A9556-1024x661.jpg 1024w, https:\/\/www.diem.com.tr\/wp-content\/uploads\/2023\/04\/151A9556-300x194.jpg 300w, https:\/\/www.diem.com.tr\/wp-content\/uploads\/2023\/04\/151A9556-768x496.jpg 768w, https:\/\/www.diem.com.tr\/wp-content\/uploads\/2023\/04\/151A9556-1536x992.jpg 1536w, https:\/\/www.diem.com.tr\/wp-content\/uploads\/2023\/04\/151A9556-2048x1322.jpg 2048w, https:\/\/www.diem.com.tr\/wp-content\/uploads\/2023\/04\/151A9556-18x12.jpg 18w, https:\/\/www.diem.com.tr\/wp-content\/uploads\/2023\/04\/151A9556-440x284.jpg 440w\" sizes=\"(max-width: 1024px) 100vw, 1024px\" \/>\t\t\t\t\t\t\t\t\t\t\t\t\t\t\t<\/div>\n\t\t\t\t<\/div>\n\t\t\t\t\t<\/div>\n\t\t<\/div>\n\t\t\t\t\t<\/div>\n\t\t<\/section>\n\t\t\t\t<section class=\"elementor-section elementor-top-section elementor-element elementor-element-236333a elementor-section-boxed elementor-section-height-default elementor-section-height-default\" data-id=\"236333a\" data-element_type=\"section\" data-settings=\"{&quot;architecturer_ext_is_background_parallax&quot;:&quot;false&quot;,&quot;architecturer_ext_is_background_on_scroll&quot;:&quot;false&quot;}\">\n\t\t\t\t\t\t<div class=\"elementor-container elementor-column-gap-default\">\n\t\t\t\t\t<div class=\"elementor-column elementor-col-100 elementor-top-column elementor-element elementor-element-ab1fd95\" data-id=\"ab1fd95\" data-element_type=\"column\" data-settings=\"{&quot;architecturer_ext_is_mobile_menu&quot;:&quot;false&quot;,&quot;architecturer_ext_is_scrollme&quot;:&quot;false&quot;,&quot;architecturer_ext_is_smoove&quot;:&quot;false&quot;,&quot;architecturer_ext_is_parallax_mouse&quot;:&quot;false&quot;,&quot;architecturer_ext_is_infinite&quot;:&quot;false&quot;,&quot;architecturer_ext_is_fadeout_animation&quot;:&quot;false&quot;}\">\n\t\t\t<div class=\"elementor-widget-wrap elementor-element-populated\">\n\t\t\t\t\t\t<div class=\"elementor-element elementor-element-4e8b899 animated-fast translate_left elementor-invisible elementor-widget elementor-widget-image\" data-id=\"4e8b899\" data-element_type=\"widget\" data-settings=\"{&quot;_animation&quot;:&quot;fadeIn&quot;,&quot;architecturer_image_is_animation&quot;:&quot;false&quot;,&quot;architecturer_ext_is_mobile_menu&quot;:&quot;false&quot;,&quot;architecturer_ext_is_scrollme&quot;:&quot;false&quot;,&quot;architecturer_ext_is_smoove&quot;:&quot;false&quot;,&quot;architecturer_ext_is_parallax_mouse&quot;:&quot;false&quot;,&quot;architecturer_ext_is_infinite&quot;:&quot;false&quot;,&quot;architecturer_ext_is_fadeout_animation&quot;:&quot;false&quot;}\" data-widget_type=\"image.default\">\n\t\t\t\t<div class=\"elementor-widget-container\">\n\t\t\t\t\t\t\t\t\t\t\t\t\t\t\t<img decoding=\"async\" width=\"1024\" height=\"683\" src=\"https:\/\/www.diem.com.tr\/wp-content\/uploads\/2023\/04\/151A9656-1024x683.jpg\" class=\"attachment-large size-large wp-image-4105\" alt=\"\" srcset=\"https:\/\/www.diem.com.tr\/wp-content\/uploads\/2023\/04\/151A9656-1024x683.jpg 1024w, https:\/\/www.diem.com.tr\/wp-content\/uploads\/2023\/04\/151A9656-300x200.jpg 300w, https:\/\/www.diem.com.tr\/wp-content\/uploads\/2023\/04\/151A9656-768x512.jpg 768w, https:\/\/www.diem.com.tr\/wp-content\/uploads\/2023\/04\/151A9656-1536x1025.jpg 1536w, https:\/\/www.diem.com.tr\/wp-content\/uploads\/2023\/04\/151A9656-2048x1366.jpg 2048w, https:\/\/www.diem.com.tr\/wp-content\/uploads\/2023\/04\/151A9656-18x12.jpg 18w, https:\/\/www.diem.com.tr\/wp-content\/uploads\/2023\/04\/151A9656-700x466.jpg 700w, https:\/\/www.diem.com.tr\/wp-content\/uploads\/2023\/04\/151A9656-440x293.jpg 440w\" sizes=\"(max-width: 1024px) 100vw, 1024px\" \/>\t\t\t\t\t\t\t\t\t\t\t\t\t\t\t<\/div>\n\t\t\t\t<\/div>\n\t\t\t\t\t<\/div>\n\t\t<\/div>\n\t\t\t\t\t<\/div>\n\t\t<\/section>\n\t\t\t\t<section class=\"elementor-section elementor-top-section elementor-element elementor-element-f259cf4 elementor-section-boxed elementor-section-height-default elementor-section-height-default\" data-id=\"f259cf4\" data-element_type=\"section\" data-settings=\"{&quot;architecturer_ext_is_background_parallax&quot;:&quot;false&quot;,&quot;architecturer_ext_is_background_on_scroll&quot;:&quot;false&quot;}\">\n\t\t\t\t\t\t<div class=\"elementor-container elementor-column-gap-default\">\n\t\t\t\t\t<div class=\"elementor-column elementor-col-33 elementor-top-column elementor-element elementor-element-1769515\" data-id=\"1769515\" data-element_type=\"column\" data-settings=\"{&quot;architecturer_ext_is_mobile_menu&quot;:&quot;false&quot;,&quot;architecturer_ext_is_scrollme&quot;:&quot;false&quot;,&quot;architecturer_ext_is_smoove&quot;:&quot;false&quot;,&quot;architecturer_ext_is_parallax_mouse&quot;:&quot;false&quot;,&quot;architecturer_ext_is_infinite&quot;:&quot;false&quot;,&quot;architecturer_ext_is_fadeout_animation&quot;:&quot;false&quot;}\">\n\t\t\t<div class=\"elementor-widget-wrap elementor-element-populated\">\n\t\t\t\t\t\t<div class=\"elementor-element elementor-element-28ac99b translate_left_more elementor-widget__width-initial elementor-widget elementor-widget-image\" data-id=\"28ac99b\" data-element_type=\"widget\" data-settings=\"{&quot;architecturer_image_is_animation&quot;:&quot;false&quot;,&quot;architecturer_ext_is_mobile_menu&quot;:&quot;false&quot;,&quot;architecturer_ext_is_scrollme&quot;:&quot;false&quot;,&quot;architecturer_ext_is_smoove&quot;:&quot;false&quot;,&quot;architecturer_ext_is_parallax_mouse&quot;:&quot;false&quot;,&quot;architecturer_ext_is_infinite&quot;:&quot;false&quot;,&quot;architecturer_ext_is_fadeout_animation&quot;:&quot;false&quot;}\" data-widget_type=\"image.default\">\n\t\t\t\t<div class=\"elementor-widget-container\">\n\t\t\t\t\t\t\t\t\t\t\t\t\t\t\t<img decoding=\"async\" width=\"683\" height=\"1024\" src=\"https:\/\/www.diem.com.tr\/wp-content\/uploads\/2023\/04\/151A9597-683x1024.jpg\" class=\"attachment-large size-large wp-image-4103\" alt=\"\" srcset=\"https:\/\/www.diem.com.tr\/wp-content\/uploads\/2023\/04\/151A9597-683x1024.jpg 683w, https:\/\/www.diem.com.tr\/wp-content\/uploads\/2023\/04\/151A9597-200x300.jpg 200w, https:\/\/www.diem.com.tr\/wp-content\/uploads\/2023\/04\/151A9597-768x1151.jpg 768w, https:\/\/www.diem.com.tr\/wp-content\/uploads\/2023\/04\/151A9597-1024x1536.jpg 1024w, https:\/\/www.diem.com.tr\/wp-content\/uploads\/2023\/04\/151A9597-1366x2048.jpg 1366w, https:\/\/www.diem.com.tr\/wp-content\/uploads\/2023\/04\/151A9597-8x12.jpg 8w, https:\/\/www.diem.com.tr\/wp-content\/uploads\/2023\/04\/151A9597-440x660.jpg 440w, https:\/\/www.diem.com.tr\/wp-content\/uploads\/2023\/04\/151A9597-scaled.jpg 1707w\" sizes=\"(max-width: 683px) 100vw, 683px\" \/>\t\t\t\t\t\t\t\t\t\t\t\t\t\t\t<\/div>\n\t\t\t\t<\/div>\n\t\t\t\t\t<\/div>\n\t\t<\/div>\n\t\t\t\t<div class=\"elementor-column elementor-col-66 elementor-top-column elementor-element elementor-element-e2fc233\" data-id=\"e2fc233\" data-element_type=\"column\" data-settings=\"{&quot;architecturer_ext_is_mobile_menu&quot;:&quot;false&quot;,&quot;architecturer_ext_is_scrollme&quot;:&quot;false&quot;,&quot;architecturer_ext_is_smoove&quot;:&quot;false&quot;,&quot;architecturer_ext_is_parallax_mouse&quot;:&quot;false&quot;,&quot;architecturer_ext_is_infinite&quot;:&quot;false&quot;,&quot;architecturer_ext_is_fadeout_animation&quot;:&quot;false&quot;}\">\n\t\t\t<div class=\"elementor-widget-wrap elementor-element-populated\">\n\t\t\t\t\t\t<div class=\"elementor-element elementor-element-c93c67d translate_right elementor-widget elementor-widget-image\" data-id=\"c93c67d\" data-element_type=\"widget\" data-settings=\"{&quot;architecturer_image_is_animation&quot;:&quot;false&quot;,&quot;architecturer_ext_is_mobile_menu&quot;:&quot;false&quot;,&quot;architecturer_ext_is_scrollme&quot;:&quot;false&quot;,&quot;architecturer_ext_is_smoove&quot;:&quot;false&quot;,&quot;architecturer_ext_is_parallax_mouse&quot;:&quot;false&quot;,&quot;architecturer_ext_is_infinite&quot;:&quot;false&quot;,&quot;architecturer_ext_is_fadeout_animation&quot;:&quot;false&quot;}\" data-widget_type=\"image.default\">\n\t\t\t\t<div class=\"elementor-widget-container\">\n\t\t\t\t\t\t\t\t\t\t\t\t\t\t\t<img loading=\"lazy\" decoding=\"async\" width=\"2560\" height=\"1708\" src=\"https:\/\/www.diem.com.tr\/wp-content\/uploads\/2023\/04\/151A9682-scaled.jpg\" class=\"attachment-full size-full wp-image-4106\" alt=\"\" srcset=\"https:\/\/www.diem.com.tr\/wp-content\/uploads\/2023\/04\/151A9682-scaled.jpg 2560w, https:\/\/www.diem.com.tr\/wp-content\/uploads\/2023\/04\/151A9682-300x200.jpg 300w, https:\/\/www.diem.com.tr\/wp-content\/uploads\/2023\/04\/151A9682-1024x683.jpg 1024w, https:\/\/www.diem.com.tr\/wp-content\/uploads\/2023\/04\/151A9682-768x512.jpg 768w, https:\/\/www.diem.com.tr\/wp-content\/uploads\/2023\/04\/151A9682-1536x1025.jpg 1536w, https:\/\/www.diem.com.tr\/wp-content\/uploads\/2023\/04\/151A9682-2048x1366.jpg 2048w, https:\/\/www.diem.com.tr\/wp-content\/uploads\/2023\/04\/151A9682-18x12.jpg 18w, https:\/\/www.diem.com.tr\/wp-content\/uploads\/2023\/04\/151A9682-700x466.jpg 700w, https:\/\/www.diem.com.tr\/wp-content\/uploads\/2023\/04\/151A9682-440x293.jpg 440w\" sizes=\"(max-width: 2560px) 100vw, 2560px\" \/>\t\t\t\t\t\t\t\t\t\t\t\t\t\t\t<\/div>\n\t\t\t\t<\/div>\n\t\t\t\t\t<\/div>\n\t\t<\/div>\n\t\t\t\t\t<\/div>\n\t\t<\/section>\n\t\t\t\t<section class=\"elementor-section elementor-top-section elementor-element elementor-element-74e1b44 elementor-section-stretched elementor-section-height-min-height elementor-section-boxed elementor-section-height-default elementor-section-items-middle\" data-id=\"74e1b44\" data-element_type=\"section\" data-settings=\"{&quot;stretch_section&quot;:&quot;section-stretched&quot;,&quot;background_background&quot;:&quot;classic&quot;,&quot;architecturer_ext_is_background_parallax&quot;:&quot;false&quot;,&quot;architecturer_ext_is_background_on_scroll&quot;:&quot;false&quot;}\">\n\t\t\t\t\t\t<div class=\"elementor-container elementor-column-gap-default\">\n\t\t\t\t\t<div class=\"elementor-column elementor-col-100 elementor-top-column elementor-element elementor-element-2fb0a90\" data-id=\"2fb0a90\" data-element_type=\"column\" data-settings=\"{&quot;architecturer_ext_is_mobile_menu&quot;:&quot;false&quot;,&quot;architecturer_ext_is_scrollme&quot;:&quot;false&quot;,&quot;architecturer_ext_is_smoove&quot;:&quot;false&quot;,&quot;architecturer_ext_is_parallax_mouse&quot;:&quot;false&quot;,&quot;architecturer_ext_is_infinite&quot;:&quot;false&quot;,&quot;architecturer_ext_is_fadeout_animation&quot;:&quot;false&quot;}\">\n\t\t\t<div class=\"elementor-widget-wrap\">\n\t\t\t\t\t\t\t<\/div>\n\t\t<\/div>\n\t\t\t\t\t<\/div>\n\t\t<\/section>\n\t\t\t\t<\/div>","protected":false},"excerpt":{"rendered":"<p>Eczac\u0131ba\u015f\u0131 Yap\u0131 Gere\u00e7leri Konum Levent \/ \u0130stanbul YIL 2021 ALaN 3.000m\u00b2 Eczac\u0131ba\u015f\u0131 Gayrimenkul Geli\u015ftirme ve Yat\u0131r\u0131m A.\u015e.&#8217;ye ait \u0130stanbul Levent Ali Kaya binas\u0131nda bulunan, 3000 m\u00b2 alana sahip ofis projesi Diem M\u00fchendislik Mimarl\u0131k taraf\u0131ndan 75 g\u00fcnde yenilenmi\u015ftir. Ofis projesi yap\u0131l\u0131rken [&hellip;]<\/p>\n","protected":false},"author":1,"featured_media":0,"parent":0,"menu_order":0,"comment_status":"closed","ping_status":"closed","template":"","meta":{"om_disable_all_campaigns":false,"_monsterinsights_skip_tracking":false,"_monsterinsights_sitenote_active":false,"_monsterinsights_sitenote_note":"","_monsterinsights_sitenote_category":0,"footnotes":""},"class_list":["post-4096","page","type-page","status-publish","hentry"],"aioseo_notices":[],"_links":{"self":[{"href":"https:\/\/www.diem.com.tr\/en\/wp-json\/wp\/v2\/pages\/4096","targetHints":{"allow":["GET"]}}],"collection":[{"href":"https:\/\/www.diem.com.tr\/en\/wp-json\/wp\/v2\/pages"}],"about":[{"href":"https:\/\/www.diem.com.tr\/en\/wp-json\/wp\/v2\/types\/page"}],"author":[{"embeddable":true,"href":"https:\/\/www.diem.com.tr\/en\/wp-json\/wp\/v2\/users\/1"}],"replies":[{"embeddable":true,"href":"https:\/\/www.diem.com.tr\/en\/wp-json\/wp\/v2\/comments?post=4096"}],"version-history":[{"count":19,"href":"https:\/\/www.diem.com.tr\/en\/wp-json\/wp\/v2\/pages\/4096\/revisions"}],"predecessor-version":[{"id":7338,"href":"https:\/\/www.diem.com.tr\/en\/wp-json\/wp\/v2\/pages\/4096\/revisions\/7338"}],"wp:attachment":[{"href":"https:\/\/www.diem.com.tr\/en\/wp-json\/wp\/v2\/media?parent=4096"}],"curies":[{"name":"wp","href":"https:\/\/api.w.org\/{rel}","templated":true}]}}