{"id":6102,"date":"2023-05-02T06:16:45","date_gmt":"2023-05-02T06:16:45","guid":{"rendered":"https:\/\/www.diem.com.tr\/wp\/?page_id=6102"},"modified":"2026-04-13T10:16:06","modified_gmt":"2026-04-13T07:16:06","slug":"kariyer","status":"publish","type":"page","link":"https:\/\/www.diem.com.tr\/en\/kariyer\/","title":{"rendered":"\u0130K"},"content":{"rendered":"<div data-elementor-type=\"wp-post\" data-elementor-id=\"6102\" class=\"elementor elementor-6102\">\n\t\t\t\t<div class=\"elementor-element elementor-element-21dcfbf e-con-full e-flex e-con e-parent\" data-id=\"21dcfbf\" data-element_type=\"container\">\n\t\t\t\t<div class=\"elementor-element elementor-element-f2f10ca elementor-widget elementor-widget-heading\" data-id=\"f2f10ca\" data-element_type=\"widget\" data-settings=\"{&quot;architecturer_ext_is_mobile_menu&quot;:&quot;false&quot;,&quot;architecturer_ext_is_scrollme&quot;:&quot;false&quot;,&quot;architecturer_ext_is_smoove&quot;:&quot;false&quot;,&quot;architecturer_ext_is_parallax_mouse&quot;:&quot;false&quot;,&quot;architecturer_ext_is_infinite&quot;:&quot;false&quot;,&quot;architecturer_ext_is_fadeout_animation&quot;:&quot;false&quot;}\" data-widget_type=\"heading.default\">\n\t\t\t\t<div class=\"elementor-widget-container\">\n\t\t\t\t\t<h2 class=\"elementor-heading-title elementor-size-default\">Being a Diemer<\/h2>\t\t\t\t<\/div>\n\t\t\t\t<\/div>\n\t\t\t\t<\/div>\n\t\t<div class=\"elementor-element elementor-element-4112ae9 e-con-full e-flex e-con e-parent\" data-id=\"4112ae9\" data-element_type=\"container\">\n\t\t<div class=\"elementor-element elementor-element-74cfd81 e-con-full e-flex e-con e-child\" data-id=\"74cfd81\" data-element_type=\"container\">\n\t\t\t\t<div class=\"elementor-element elementor-element-9e8ea3d elementor-widget__width-initial elementor-widget elementor-widget-text-editor\" data-id=\"9e8ea3d\" data-element_type=\"widget\" data-settings=\"{&quot;architecturer_ext_is_mobile_menu&quot;:&quot;false&quot;,&quot;architecturer_ext_is_scrollme&quot;:&quot;false&quot;,&quot;architecturer_ext_is_smoove&quot;:&quot;false&quot;,&quot;architecturer_ext_is_parallax_mouse&quot;:&quot;false&quot;,&quot;architecturer_ext_is_infinite&quot;:&quot;false&quot;,&quot;architecturer_ext_is_fadeout_animation&quot;:&quot;false&quot;}\" data-widget_type=\"text-editor.default\">\n\t\t\t\t<div class=\"elementor-widget-container\">\n\t\t\t\t\t\t\t\t\t<ul><li>Being a Diemer means feeling the privilege of being in a team that makes a difference in design and construction processes with an innovative and customer-oriented approach.<\/li><li>Being a Diemer means working in an environment where professional skills and individual contributions are valued and achievements are recognised.<\/li><li>As a pioneering company in the sector, being a Diemer means internalising values such as sustainability, quality and customer satisfaction and implementing them in every project.<\/li><li>Being a Diemer means embracing your achievements and seeing them as part of your personal happiness.<\/li><li>Being a Diemer employee, to adhere to our corporate values and ethical business principles, and to work diligently to achieve superior business results in this direction.<\/li><\/ul><p>All of Diem's qualities are based on a quality-oriented business approach and a commitment to a sustainable future. Diem employees see it as an integral part of their duties to fulfil the requirements of being a Diemer by adopting these values.<\/p>\t\t\t\t\t\t\t\t<\/div>\n\t\t\t\t<\/div>\n\t\t\t\t<\/div>\n\t\t\t\t<\/div>\n\t\t<div class=\"elementor-element elementor-element-35c99c4 e-con-full e-flex e-con e-parent\" data-id=\"35c99c4\" data-element_type=\"container\">\n\t\t\t\t<div class=\"elementor-element elementor-element-c2b1b6d elementor-align-start elementor-widget__width-initial elementor-widget-mobile__width-initial elementor-icon-list--layout-traditional elementor-list-item-link-full_width elementor-widget elementor-widget-icon-list\" data-id=\"c2b1b6d\" data-element_type=\"widget\" data-settings=\"{&quot;architecturer_ext_is_mobile_menu&quot;:&quot;false&quot;,&quot;architecturer_ext_is_scrollme&quot;:&quot;false&quot;,&quot;architecturer_ext_is_smoove&quot;:&quot;false&quot;,&quot;architecturer_ext_is_parallax_mouse&quot;:&quot;false&quot;,&quot;architecturer_ext_is_infinite&quot;:&quot;false&quot;,&quot;architecturer_ext_is_fadeout_animation&quot;:&quot;false&quot;}\" data-widget_type=\"icon-list.default\">\n\t\t\t\t<div class=\"elementor-widget-container\">\n\t\t\t\t\t\t\t<ul class=\"elementor-icon-list-items\">\n\t\t\t\t\t\t\t<li class=\"elementor-icon-list-item\">\n\t\t\t\t\t\t\t\t\t\t\t<span class=\"elementor-icon-list-icon\">\n\t\t\t\t\t\t\t<i aria-hidden=\"true\" class=\"fas fa-male\"><\/i>\t\t\t\t\t\t<\/span>\n\t\t\t\t\t\t\t\t\t\t<span class=\"elementor-icon-list-text\">\u0130stihdam: 59<\/span>\n\t\t\t\t\t\t\t\t\t<\/li>\n\t\t\t\t\t\t<\/ul>\n\t\t\t\t\t\t<\/div>\n\t\t\t\t<\/div>\n\t\t\t\t<div class=\"elementor-element elementor-element-979c911 elementor-align-start elementor-widget__width-initial elementor-widget-mobile__width-initial elementor-icon-list--layout-traditional elementor-list-item-link-full_width elementor-widget elementor-widget-icon-list\" data-id=\"979c911\" data-element_type=\"widget\" data-settings=\"{&quot;architecturer_ext_is_mobile_menu&quot;:&quot;false&quot;,&quot;architecturer_ext_is_scrollme&quot;:&quot;false&quot;,&quot;architecturer_ext_is_smoove&quot;:&quot;false&quot;,&quot;architecturer_ext_is_parallax_mouse&quot;:&quot;false&quot;,&quot;architecturer_ext_is_infinite&quot;:&quot;false&quot;,&quot;architecturer_ext_is_fadeout_animation&quot;:&quot;false&quot;}\" data-widget_type=\"icon-list.default\">\n\t\t\t\t<div class=\"elementor-widget-container\">\n\t\t\t\t\t\t\t<ul class=\"elementor-icon-list-items\">\n\t\t\t\t\t\t\t<li class=\"elementor-icon-list-item\">\n\t\t\t\t\t\t\t\t\t\t\t<span class=\"elementor-icon-list-icon\">\n\t\t\t\t\t\t\t<i aria-hidden=\"true\" class=\"fas fa-venus-mars\"><\/i>\t\t\t\t\t\t<\/span>\n\t\t\t\t\t\t\t\t\t\t<span class=\"elementor-icon-list-text\">% Kad\u0131n \/ Erkek: 41<\/span>\n\t\t\t\t\t\t\t\t\t<\/li>\n\t\t\t\t\t\t<\/ul>\n\t\t\t\t\t\t<\/div>\n\t\t\t\t<\/div>\n\t\t\t\t<div class=\"elementor-element elementor-element-f74fd0b elementor-align-start elementor-widget__width-initial elementor-widget-mobile__width-initial elementor-icon-list--layout-traditional elementor-list-item-link-full_width elementor-widget elementor-widget-icon-list\" data-id=\"f74fd0b\" data-element_type=\"widget\" data-settings=\"{&quot;architecturer_ext_is_mobile_menu&quot;:&quot;false&quot;,&quot;architecturer_ext_is_scrollme&quot;:&quot;false&quot;,&quot;architecturer_ext_is_smoove&quot;:&quot;false&quot;,&quot;architecturer_ext_is_parallax_mouse&quot;:&quot;false&quot;,&quot;architecturer_ext_is_infinite&quot;:&quot;false&quot;,&quot;architecturer_ext_is_fadeout_animation&quot;:&quot;false&quot;}\" data-widget_type=\"icon-list.default\">\n\t\t\t\t<div class=\"elementor-widget-container\">\n\t\t\t\t\t\t\t<ul class=\"elementor-icon-list-items\">\n\t\t\t\t\t\t\t<li class=\"elementor-icon-list-item\">\n\t\t\t\t\t\t\t\t\t\t\t<span class=\"elementor-icon-list-icon\">\n\t\t\t\t\t\t\t<i aria-hidden=\"true\" class=\"fas fa-wave-square\"><\/i>\t\t\t\t\t\t<\/span>\n\t\t\t\t\t\t\t\t\t\t<span class=\"elementor-icon-list-text\">Average age: 35<\/span>\n\t\t\t\t\t\t\t\t\t<\/li>\n\t\t\t\t\t\t<\/ul>\n\t\t\t\t\t\t<\/div>\n\t\t\t\t<\/div>\n\t\t\t\t<\/div>\n\t\t<div class=\"elementor-element elementor-element-c9c462e e-flex e-con-boxed e-con e-parent\" data-id=\"c9c462e\" data-element_type=\"container\">\n\t\t\t\t\t<div class=\"e-con-inner\">\n\t\t\t\t<div class=\"elementor-element elementor-element-83d02bc elementor-widget__width-initial elementor-widget elementor-widget-image\" data-id=\"83d02bc\" data-element_type=\"widget\" data-settings=\"{&quot;architecturer_image_is_animation&quot;:&quot;false&quot;,&quot;architecturer_ext_is_mobile_menu&quot;:&quot;false&quot;,&quot;architecturer_ext_is_scrollme&quot;:&quot;false&quot;,&quot;architecturer_ext_is_smoove&quot;:&quot;false&quot;,&quot;architecturer_ext_is_parallax_mouse&quot;:&quot;false&quot;,&quot;architecturer_ext_is_infinite&quot;:&quot;false&quot;,&quot;architecturer_ext_is_fadeout_animation&quot;:&quot;false&quot;}\" data-widget_type=\"image.default\">\n\t\t\t\t<div class=\"elementor-widget-container\">\n\t\t\t\t\t\t\t\t\t\t\t\t\t\t\t<img decoding=\"async\" src=\"https:\/\/www.diem.com.tr\/wp-content\/uploads\/2023\/05\/diem-web-ik-banner-insan-kaynaklaritr.jpg\" title=\"diem-web-ik-banner-insan-kaynaklaritr\" alt=\"diem-web-ik-banner-insan-kaynaklaritr\" loading=\"lazy\" \/>\t\t\t\t\t\t\t\t\t\t\t\t\t\t\t<\/div>\n\t\t\t\t<\/div>\n\t\t\t\t\t<\/div>\n\t\t\t\t<\/div>\n\t\t<div class=\"elementor-element elementor-element-03b02c0 e-con-full e-flex e-con e-parent\" data-id=\"03b02c0\" data-element_type=\"container\">\n\t\t<div class=\"elementor-element elementor-element-27043f5 e-con-full e-flex e-con e-child\" data-id=\"27043f5\" data-element_type=\"container\">\n\t\t\t\t<div class=\"elementor-element elementor-element-1a711c7 elementor-widget__width-initial elementor-widget elementor-widget-text-editor\" data-id=\"1a711c7\" data-element_type=\"widget\" data-settings=\"{&quot;architecturer_ext_is_mobile_menu&quot;:&quot;false&quot;,&quot;architecturer_ext_is_scrollme&quot;:&quot;false&quot;,&quot;architecturer_ext_is_smoove&quot;:&quot;false&quot;,&quot;architecturer_ext_is_parallax_mouse&quot;:&quot;false&quot;,&quot;architecturer_ext_is_infinite&quot;:&quot;false&quot;,&quot;architecturer_ext_is_fadeout_animation&quot;:&quot;false&quot;}\" data-widget_type=\"text-editor.default\">\n\t\t\t\t<div class=\"elementor-widget-container\">\n\t\t\t\t\t\t\t\t\t<p>Diem M\u00fchendislik Mimarl\u0131k's human resources policy is based on the principle of achieving the highest possible performance by putting the right people in the right jobs.<\/p><p>This company owes its sustainable success and competitiveness to its employees\u2019 experience and team work created by their diversity.<\/p><p>The company's aim is to achieve contemporary quality values and customer satisfaction at all levels of our services, and to improve continuously by offering its employees training opportunities and ensuring their conscious participation in the system. With this aim in mind, the Human Resources Department places special emphasis on the professional training of employees and strives to create the most suitable environment for them to develop their skills through company experience and to achieve their career goals.\u00a0<\/p><p style=\"font-weight: 400; font-style: normal; font-size: 16px; font-family: Montserrat;\" class=\"translation-block\">For general applications, you can send your CV to <u>insankaynaklari@diem.com.tr<\/u>.<\/p>\t\t\t\t\t\t\t\t<\/div>\n\t\t\t\t<\/div>\n\t\t\t\t<\/div>\n\t\t\t\t<\/div>\n\t\t\t\t<\/div>","protected":false},"excerpt":{"rendered":"<p>Diem&#8217;li Olmak Diem&#8217;li olmak, yenilik\u00e7i ve m\u00fc\u015fteri odakl\u0131 bir yakla\u015f\u0131mla, tasar\u0131m ve in\u015fa s\u00fcre\u00e7lerinde fark yaratan bir ekip i\u00e7inde olman\u0131n ayr\u0131cal\u0131\u011f\u0131n\u0131 hissetmek demektir. Diem&#8217;li olmak, profesyonel becerilerin ve bireysel katk\u0131n\u0131n en iyi \u015fekilde de\u011ferlendirildi\u011fi, ba\u015far\u0131lar\u0131n takdir edildi\u011fi bir i\u015f ortam\u0131nda [&hellip;]<\/p>\n","protected":false},"author":1,"featured_media":0,"parent":0,"menu_order":0,"comment_status":"closed","ping_status":"closed","template":"","meta":{"om_disable_all_campaigns":false,"_monsterinsights_skip_tracking":false,"_monsterinsights_sitenote_active":false,"_monsterinsights_sitenote_note":"","_monsterinsights_sitenote_category":0,"footnotes":""},"class_list":["post-6102","page","type-page","status-publish","hentry"],"aioseo_notices":[],"_links":{"self":[{"href":"https:\/\/www.diem.com.tr\/en\/wp-json\/wp\/v2\/pages\/6102","targetHints":{"allow":["GET"]}}],"collection":[{"href":"https:\/\/www.diem.com.tr\/en\/wp-json\/wp\/v2\/pages"}],"about":[{"href":"https:\/\/www.diem.com.tr\/en\/wp-json\/wp\/v2\/types\/page"}],"author":[{"embeddable":true,"href":"https:\/\/www.diem.com.tr\/en\/wp-json\/wp\/v2\/users\/1"}],"replies":[{"embeddable":true,"href":"https:\/\/www.diem.com.tr\/en\/wp-json\/wp\/v2\/comments?post=6102"}],"version-history":[{"count":107,"href":"https:\/\/www.diem.com.tr\/en\/wp-json\/wp\/v2\/pages\/6102\/revisions"}],"predecessor-version":[{"id":11317,"href":"https:\/\/www.diem.com.tr\/en\/wp-json\/wp\/v2\/pages\/6102\/revisions\/11317"}],"wp:attachment":[{"href":"https:\/\/www.diem.com.tr\/en\/wp-json\/wp\/v2\/media?parent=6102"}],"curies":[{"name":"wp","href":"https:\/\/api.w.org\/{rel}","templated":true}]}}